{"id":24,"date":"2018-11-25T02:17:06","date_gmt":"2018-11-25T01:17:06","guid":{"rendered":"http:\/\/mjk.bueco.net\/?page_id=24"},"modified":"2025-06-25T10:03:32","modified_gmt":"2025-06-25T09:03:32","slug":"startseite","status":"publish","type":"page","link":"https:\/\/www.marinejugend-kiel.de\/","title":{"rendered":"Wer wir sind"},"content":{"rendered":"\n<div class=\"wp-block-columns is-layout-flex wp-container-core-columns-is-layout-8f761849 wp-block-columns-is-layout-flex\">\n<div class=\"wp-block-column is-layout-flow wp-block-column-is-layout-flow\" style=\"flex-basis:66.66%\">\n<p class=\"wp-block-paragraph\">Wir sind ein Jugendverein, der sich dem Wassersport widmet. Bei uns sitzen alle im selben Boot \u2013 und ist dies mal nicht der Fall wie zum Beispiel in einem \u201eOptimisten\u201c (unsere kleinste Bootsklasse), sind wir trotzdem noch eine Gemeinschaft aus Mitgliedern unterschiedlichen Alters, die sich gegenseitig immer unterst\u00fctzt.<\/p>\n\n\n\n<p class=\"wp-block-paragraph\">Wer vielleicht denkt, dass mindestens die Eltern bei der Marine sein m\u00fcssen, irrt. Der Name Marine-Jugend ist lediglich ein Teil unserer Vereinsgeschichte; diese wollen wir auch nicht leugnen, sondern sind eher stolz drauf. Unser Vereinsheim liegt sehr sch\u00f6n gelegen an der Kiellinie unter dem Restaurant \u201e<a href=\"http:\/\/www.lagom-kiel.de\/\">LAGOM<\/a>\u201c. Diese tolle Ausgangslage erm\u00f6glicht es uns, mit unseren Booten direkt vom Vereinsheim aus auf das Wasser zu kommen.<\/p>\n\n\n\n<p class=\"wp-block-paragraph\">Wir wollen Euch nicht nur das Segeln beibringen, sondern beim Segeln mit Euch auch etwas erleben. Und das k\u00f6nnt Ihr unter anderem auf einem Segelt\u00f6rn mit anderen Mitgliedern, beim Kutter- oder beim Jolle-Segeln auf der Kieler F\u00f6rde. Okay, zum Segeln geh\u00f6rt auch die Theorie, Aber selbst da kommt der&nbsp; Spa\u00df am Segeln nicht zu kurz. Wir sind alle keine Lehrer und wollen dies auch nicht werden. Meist sind wir Eltern von Mitgliedern, die selbst segeln, oder zumindest begeisterte Segler, die ihr Wissen den anderen Mitgliedern der Marine-Jugend Kieler F\u00f6rde e.V. vermitteln.<\/p>\n\n\n\n<p class=\"wp-block-paragraph\">In der Winterzeit stecken wir die Nasen aber nicht nur in die Theorie-Unterlagen. Wir m\u00f6chten in dieser Zeit unsere Boote in Eigenregie wieder fit bekommen. Auch dabei stehen uns meist tatkr\u00e4ftige Eltern zur Verf\u00fcgung. Praktischerweise k\u00f6nnt Ihr dabei gleich sehen, woraus die Boote bestehen und wie unsere schwimmenden Unters\u00e4tze am besten zu pflegen sind.<\/p>\n\n\n\n<p class=\"wp-block-paragraph\"><br><\/p>\n<\/div>\n\n\n\n<div class=\"wp-block-column is-layout-flow wp-block-column-is-layout-flow\" style=\"flex-basis:33.33%\">\n<h5 class=\"wp-block-heading\">HIER FINDEST <br>DU UNS<\/h5>\n\n\n\n<p class=\"wp-block-paragraph\"><strong>Adresse<\/strong><br>D\u00fcsternbrooker Weg 38<br>24105 Kiel<\/p>\n\n\n\n<p class=\"wp-block-paragraph\"><strong>Treffen<\/strong><br>Au\u00dferhalb der Schulferienzeiten<br>sonnabends in der Zeit von 14 bis 17 Uhr<br>sowie nach Vereinbarung<br><br><strong>Donnerstagsgruppe<\/strong><br>nach Vereinbarung<br><br><strong>Freitagsgruppe <\/strong><br>nach Vereinbarung<br><\/p>\n\n\n\n<p class=\"wp-block-paragraph\"><strong>Unsere Partner-Vereine:<\/strong><\/p>\n\n\n\n<figure class=\"wp-block-image size-full\"><a href=\"http:\/\/www.marine-regatta-verein.de\/stuetzpunkte\/kiel\/kiel.htm\"><img loading=\"lazy\" decoding=\"async\" width=\"500\" height=\"375\" src=\"https:\/\/www.marinejugend-kiel.de\/wp-content\/uploads\/2024\/03\/MRV.png\" alt=\"\" class=\"wp-image-4870\" srcset=\"https:\/\/www.marinejugend-kiel.de\/wp-content\/uploads\/2024\/03\/MRV.png 500w, https:\/\/www.marinejugend-kiel.de\/wp-content\/uploads\/2024\/03\/MRV-300x225.png 300w\" sizes=\"auto, (max-width: 500px) 100vw, 500px\" \/><\/a><\/figure>\n\n\n\n<p class=\"wp-block-paragraph\"><a href=\"http:\/\/www.marine-regatta-verein.de\/stuetzpunkte\/kiel\/kiel.htm\">Marine-Regatta-Verein<br>St\u00fctzpunkt Kiel<\/a><\/p>\n\n\n\n<figure class=\"wp-block-image size-full\"><a href=\"https:\/\/sgmkiel.de\/\"><img loading=\"lazy\" decoding=\"async\" width=\"500\" height=\"375\" src=\"https:\/\/www.marinejugend-kiel.de\/wp-content\/uploads\/2024\/03\/SGMK.png\" alt=\"\" class=\"wp-image-4871\" srcset=\"https:\/\/www.marinejugend-kiel.de\/wp-content\/uploads\/2024\/03\/SGMK.png 500w, https:\/\/www.marinejugend-kiel.de\/wp-content\/uploads\/2024\/03\/SGMK-300x225.png 300w\" sizes=\"auto, (max-width: 500px) 100vw, 500px\" \/><\/a><\/figure>\n\n\n\n<p class=\"wp-block-paragraph\"><a href=\"https:\/\/sgmkiel.de\/\">Segelgemeinschaft der Marineflieger <br>Kiel Holtenau e.V.<\/a><\/p>\n\n\n\n<figure class=\"wp-block-image size-full\"><a href=\"https:\/\/www.asg-kiel.de\/\"><img loading=\"lazy\" decoding=\"async\" width=\"500\" height=\"375\" src=\"https:\/\/www.marinejugend-kiel.de\/wp-content\/uploads\/2024\/03\/ASG.png\" alt=\"\" class=\"wp-image-4872\" srcset=\"https:\/\/www.marinejugend-kiel.de\/wp-content\/uploads\/2024\/03\/ASG.png 500w, https:\/\/www.marinejugend-kiel.de\/wp-content\/uploads\/2024\/03\/ASG-300x225.png 300w\" sizes=\"auto, (max-width: 500px) 100vw, 500px\" \/><\/a><\/figure>\n\n\n\n<p class=\"wp-block-paragraph\"> <a href=\"https:\/\/www.asg-kiel.de\/\">Arsenal Segel Gruppe<\/a><\/p>\n<\/div>\n<\/div>\n\n\n\n<div class=\"wp-block-columns is-layout-flex wp-container-core-columns-is-layout-8f761849 wp-block-columns-is-layout-flex\">\n<div class=\"wp-block-column is-layout-flow wp-block-column-is-layout-flow\" style=\"flex-basis:66.66%\"><\/div>\n\n\n\n<div class=\"wp-block-column is-layout-flow wp-block-column-is-layout-flow\" style=\"flex-basis:33.33%\">\n<figure class=\"wp-block-image size-full\"><img loading=\"lazy\" decoding=\"async\" width=\"396\" height=\"500\" src=\"https:\/\/www.marinejugend-kiel.de\/wp-content\/uploads\/2024\/06\/KM-Partner_RGB.jpg\" alt=\"\" class=\"wp-image-5014\" srcset=\"https:\/\/www.marinejugend-kiel.de\/wp-content\/uploads\/2024\/06\/KM-Partner_RGB.jpg 396w, https:\/\/www.marinejugend-kiel.de\/wp-content\/uploads\/2024\/06\/KM-Partner_RGB-238x300.jpg 238w\" sizes=\"auto, (max-width: 396px) 100vw, 396px\" \/><\/figure>\n<\/div>\n<\/div>\n","protected":false},"excerpt":{"rendered":"<p>Wir sind ein Jugendverein, der sich dem Wassersport widmet. Bei uns sitzen alle im selben Boot \u2013 und ist dies mal nicht der Fall wie zum Beispiel in einem \u201eOptimisten\u201c (unsere kleinste Bootsklasse), sind wir trotzdem noch eine Gemeinschaft aus Mitgliedern unterschiedlichen Alters, die sich gegenseitig immer unterst\u00fctzt. Wer vielleicht denkt, dass mindestens die Eltern &hellip; <\/p>\n<p class=\"link-more\"><a href=\"https:\/\/www.marinejugend-kiel.de\/\" class=\"more-link\"><span class=\"screen-reader-text\">\u201eWer wir sind\u201c <\/span>weiterlesen<\/a><\/p>\n","protected":false},"author":2,"featured_media":0,"parent":0,"menu_order":0,"comment_status":"closed","ping_status":"closed","template":"","meta":{"_crdt_document":"","footnotes":""},"class_list":["post-24","page","type-page","status-publish","hentry"],"_links":{"self":[{"href":"https:\/\/www.marinejugend-kiel.de\/index.php\/wp-json\/wp\/v2\/pages\/24","targetHints":{"allow":["GET"]}}],"collection":[{"href":"https:\/\/www.marinejugend-kiel.de\/index.php\/wp-json\/wp\/v2\/pages"}],"about":[{"href":"https:\/\/www.marinejugend-kiel.de\/index.php\/wp-json\/wp\/v2\/types\/page"}],"author":[{"embeddable":true,"href":"https:\/\/www.marinejugend-kiel.de\/index.php\/wp-json\/wp\/v2\/users\/2"}],"replies":[{"embeddable":true,"href":"https:\/\/www.marinejugend-kiel.de\/index.php\/wp-json\/wp\/v2\/comments?post=24"}],"version-history":[{"count":22,"href":"https:\/\/www.marinejugend-kiel.de\/index.php\/wp-json\/wp\/v2\/pages\/24\/revisions"}],"predecessor-version":[{"id":6105,"href":"https:\/\/www.marinejugend-kiel.de\/index.php\/wp-json\/wp\/v2\/pages\/24\/revisions\/6105"}],"wp:attachment":[{"href":"https:\/\/www.marinejugend-kiel.de\/index.php\/wp-json\/wp\/v2\/media?parent=24"}],"curies":[{"name":"wp","href":"https:\/\/api.w.org\/{rel}","templated":true}]}}